{"id":5,"date":"2019-11-17T19:00:56","date_gmt":"2019-11-17T22:00:56","guid":{"rendered":"https:\/\/albaenergia.com.br\/albaenergia\/?page_id=5"},"modified":"2022-07-25T16:17:28","modified_gmt":"2022-07-25T19:17:28","slug":"a-alba","status":"publish","type":"page","link":"https:\/\/albaenergia.com.br\/albaenergia\/a-alba\/","title":{"rendered":"A ALBA"},"content":{"rendered":"","protected":false},"excerpt":{"rendered":"","protected":false},"author":4,"featured_media":0,"parent":0,"menu_order":0,"comment_status":"closed","ping_status":"closed","template":"page-alba.php","meta":{"footnotes":""},"irradiacao":[],"yoast_head":"<!-- This site is optimized with the Yoast SEO plugin v23.5 - https:\/\/yoast.com\/wordpress\/plugins\/seo\/ -->\n<title>- A ALBA<\/title>\n<meta name=\"description\" content=\"A Alba Energia Solar \u00e9 pioneira e refer\u00eancia no mercado h\u00e1 mais de 12 anos como empresa especialista em solu\u00e7\u00f5es fotovoltaicas.\" \/>\n<meta name=\"robots\" content=\"noindex, follow, max-snippet:-1, max-image-preview:large, max-video-preview:-1\" \/>\n<meta property=\"og:locale\" content=\"pt_BR\" \/>\n<meta property=\"og:type\" content=\"article\" \/>\n<meta property=\"og:title\" content=\"- A ALBA\" \/>\n<meta property=\"og:description\" content=\"A Alba Energia Solar \u00e9 pioneira e refer\u00eancia no mercado h\u00e1 mais de 12 anos como empresa especialista em solu\u00e7\u00f5es fotovoltaicas.\" \/>\n<meta property=\"og:url\" content=\"https:\/\/albaenergia.com.br\/albaenergia\/a-alba\/\" \/>\n<meta property=\"og:site_name\" content=\"ALBA\" \/>\n<meta property=\"article:publisher\" content=\"https:\/\/www.facebook.com\/albaenergia\/\" \/>\n<meta property=\"article:modified_time\" content=\"2022-07-25T19:17:28+00:00\" \/>\n<meta name=\"twitter:card\" content=\"summary_large_image\" \/>\n<script type=\"application\/ld+json\" class=\"yoast-schema-graph\">{\"@context\":\"https:\/\/schema.org\",\"@graph\":[{\"@type\":\"WebPage\",\"@id\":\"https:\/\/albaenergia.com.br\/albaenergia\/a-alba\/\",\"url\":\"https:\/\/albaenergia.com.br\/albaenergia\/a-alba\/\",\"name\":\"- A ALBA\",\"isPartOf\":{\"@id\":\"https:\/\/albaenergia.com.br\/albaenergia\/#website\"},\"datePublished\":\"2019-11-17T22:00:56+00:00\",\"dateModified\":\"2022-07-25T19:17:28+00:00\",\"description\":\"A Alba Energia Solar \u00e9 pioneira e refer\u00eancia no mercado h\u00e1 mais de 12 anos como empresa especialista em solu\u00e7\u00f5es fotovoltaicas.\",\"breadcrumb\":{\"@id\":\"https:\/\/albaenergia.com.br\/albaenergia\/a-alba\/#breadcrumb\"},\"inLanguage\":\"pt-BR\",\"potentialAction\":[{\"@type\":\"ReadAction\",\"target\":[\"https:\/\/albaenergia.com.br\/albaenergia\/a-alba\/\"]}]},{\"@type\":\"BreadcrumbList\",\"@id\":\"https:\/\/albaenergia.com.br\/albaenergia\/a-alba\/#breadcrumb\",\"itemListElement\":[{\"@type\":\"ListItem\",\"position\":1,\"name\":\"In\u00edcio\",\"item\":\"https:\/\/albaenergia.com.br\/albaenergia\/\"},{\"@type\":\"ListItem\",\"position\":2,\"name\":\"A ALBA\"}]},{\"@type\":\"WebSite\",\"@id\":\"https:\/\/albaenergia.com.br\/albaenergia\/#website\",\"url\":\"https:\/\/albaenergia.com.br\/albaenergia\/\",\"name\":\"Alba Energia\",\"description\":\"ALBA\",\"publisher\":{\"@id\":\"https:\/\/albaenergia.com.br\/albaenergia\/#organization\"},\"potentialAction\":[{\"@type\":\"SearchAction\",\"target\":{\"@type\":\"EntryPoint\",\"urlTemplate\":\"https:\/\/albaenergia.com.br\/albaenergia\/?s={search_term_string}\"},\"query-input\":{\"@type\":\"PropertyValueSpecification\",\"valueRequired\":true,\"valueName\":\"search_term_string\"}}],\"inLanguage\":\"pt-BR\"},{\"@type\":\"Organization\",\"@id\":\"https:\/\/albaenergia.com.br\/albaenergia\/#organization\",\"name\":\"Alba Energia\",\"url\":\"https:\/\/albaenergia.com.br\/albaenergia\/\",\"logo\":{\"@type\":\"ImageObject\",\"inLanguage\":\"pt-BR\",\"@id\":\"https:\/\/albaenergia.com.br\/albaenergia\/#\/schema\/logo\/image\/\",\"url\":\"https:\/\/albaenergia.com.br\/albaenergia\/wp-content\/uploads\/2020\/03\/AF_Alba_Logo_PreferencialHorizontal_RGB_Positivo.png\",\"contentUrl\":\"https:\/\/albaenergia.com.br\/albaenergia\/wp-content\/uploads\/2020\/03\/AF_Alba_Logo_PreferencialHorizontal_RGB_Positivo.png\",\"width\":4167,\"height\":2084,\"caption\":\"Alba Energia\"},\"image\":{\"@id\":\"https:\/\/albaenergia.com.br\/albaenergia\/#\/schema\/logo\/image\/\"},\"sameAs\":[\"https:\/\/www.facebook.com\/albaenergia\/\",\"https:\/\/www.instagram.com\/albaenergia\/\",\"https:\/\/www.linkedin.com\/company\/albaenergia\/\"]}]}<\/script>\n<!-- \/ Yoast SEO plugin. -->","yoast_head_json":{"title":"- A ALBA","description":"A Alba Energia Solar \u00e9 pioneira e refer\u00eancia no mercado h\u00e1 mais de 12 anos como empresa especialista em solu\u00e7\u00f5es fotovoltaicas.","robots":{"index":"noindex","follow":"follow","max-snippet":"max-snippet:-1","max-image-preview":"max-image-preview:large","max-video-preview":"max-video-preview:-1"},"og_locale":"pt_BR","og_type":"article","og_title":"- A ALBA","og_description":"A Alba Energia Solar \u00e9 pioneira e refer\u00eancia no mercado h\u00e1 mais de 12 anos como empresa especialista em solu\u00e7\u00f5es fotovoltaicas.","og_url":"https:\/\/albaenergia.com.br\/albaenergia\/a-alba\/","og_site_name":"ALBA","article_publisher":"https:\/\/www.facebook.com\/albaenergia\/","article_modified_time":"2022-07-25T19:17:28+00:00","twitter_card":"summary_large_image","schema":{"@context":"https:\/\/schema.org","@graph":[{"@type":"WebPage","@id":"https:\/\/albaenergia.com.br\/albaenergia\/a-alba\/","url":"https:\/\/albaenergia.com.br\/albaenergia\/a-alba\/","name":"- A ALBA","isPartOf":{"@id":"https:\/\/albaenergia.com.br\/albaenergia\/#website"},"datePublished":"2019-11-17T22:00:56+00:00","dateModified":"2022-07-25T19:17:28+00:00","description":"A Alba Energia Solar \u00e9 pioneira e refer\u00eancia no mercado h\u00e1 mais de 12 anos como empresa especialista em solu\u00e7\u00f5es fotovoltaicas.","breadcrumb":{"@id":"https:\/\/albaenergia.com.br\/albaenergia\/a-alba\/#breadcrumb"},"inLanguage":"pt-BR","potentialAction":[{"@type":"ReadAction","target":["https:\/\/albaenergia.com.br\/albaenergia\/a-alba\/"]}]},{"@type":"BreadcrumbList","@id":"https:\/\/albaenergia.com.br\/albaenergia\/a-alba\/#breadcrumb","itemListElement":[{"@type":"ListItem","position":1,"name":"In\u00edcio","item":"https:\/\/albaenergia.com.br\/albaenergia\/"},{"@type":"ListItem","position":2,"name":"A ALBA"}]},{"@type":"WebSite","@id":"https:\/\/albaenergia.com.br\/albaenergia\/#website","url":"https:\/\/albaenergia.com.br\/albaenergia\/","name":"Alba Energia","description":"ALBA","publisher":{"@id":"https:\/\/albaenergia.com.br\/albaenergia\/#organization"},"potentialAction":[{"@type":"SearchAction","target":{"@type":"EntryPoint","urlTemplate":"https:\/\/albaenergia.com.br\/albaenergia\/?s={search_term_string}"},"query-input":{"@type":"PropertyValueSpecification","valueRequired":true,"valueName":"search_term_string"}}],"inLanguage":"pt-BR"},{"@type":"Organization","@id":"https:\/\/albaenergia.com.br\/albaenergia\/#organization","name":"Alba Energia","url":"https:\/\/albaenergia.com.br\/albaenergia\/","logo":{"@type":"ImageObject","inLanguage":"pt-BR","@id":"https:\/\/albaenergia.com.br\/albaenergia\/#\/schema\/logo\/image\/","url":"https:\/\/albaenergia.com.br\/albaenergia\/wp-content\/uploads\/2020\/03\/AF_Alba_Logo_PreferencialHorizontal_RGB_Positivo.png","contentUrl":"https:\/\/albaenergia.com.br\/albaenergia\/wp-content\/uploads\/2020\/03\/AF_Alba_Logo_PreferencialHorizontal_RGB_Positivo.png","width":4167,"height":2084,"caption":"Alba Energia"},"image":{"@id":"https:\/\/albaenergia.com.br\/albaenergia\/#\/schema\/logo\/image\/"},"sameAs":["https:\/\/www.facebook.com\/albaenergia\/","https:\/\/www.instagram.com\/albaenergia\/","https:\/\/www.linkedin.com\/company\/albaenergia\/"]}]}},"_links":{"self":[{"href":"https:\/\/albaenergia.com.br\/albaenergia\/wp-json\/wp\/v2\/pages\/5"}],"collection":[{"href":"https:\/\/albaenergia.com.br\/albaenergia\/wp-json\/wp\/v2\/pages"}],"about":[{"href":"https:\/\/albaenergia.com.br\/albaenergia\/wp-json\/wp\/v2\/types\/page"}],"author":[{"embeddable":true,"href":"https:\/\/albaenergia.com.br\/albaenergia\/wp-json\/wp\/v2\/users\/4"}],"replies":[{"embeddable":true,"href":"https:\/\/albaenergia.com.br\/albaenergia\/wp-json\/wp\/v2\/comments?post=5"}],"version-history":[{"count":252,"href":"https:\/\/albaenergia.com.br\/albaenergia\/wp-json\/wp\/v2\/pages\/5\/revisions"}],"predecessor-version":[{"id":19889,"href":"https:\/\/albaenergia.com.br\/albaenergia\/wp-json\/wp\/v2\/pages\/5\/revisions\/19889"}],"wp:attachment":[{"href":"https:\/\/albaenergia.com.br\/albaenergia\/wp-json\/wp\/v2\/media?parent=5"}],"wp:term":[{"taxonomy":"irradiacao","embeddable":true,"href":"https:\/\/albaenergia.com.br\/albaenergia\/wp-json\/wp\/v2\/irradiacao?post=5"}],"curies":[{"name":"wp","href":"https:\/\/api.w.org\/{rel}","templated":true}]}}