{"id":17715,"date":"2020-07-06T17:58:30","date_gmt":"2020-07-06T20:58:30","guid":{"rendered":"https:\/\/albaenergia.com.br\/albaenergia\/?page_id=17715"},"modified":"2021-11-29T10:46:19","modified_gmt":"2021-11-29T13:46:19","slug":"faq","status":"publish","type":"page","link":"https:\/\/albaenergia.com.br\/albaenergia\/faq\/","title":{"rendered":"Faq"},"content":{"rendered":"\r\n<p>&lt;titulo&gt;Como funciona a energia solar fotovoltaica?&lt;\/titulo&gt;<\/p>\r\n\r\n\r\n\r\n<p>&lt;texto&gt;Conhe\u00e7a o funcionamento do sistema fotovoltaico resumido em 4 etapas:<\/p>\r\n\r\n\r\n\r\n<ol>\r\n<li>Os pain\u00e9is solares convertem a energia solar em energia el\u00e9trica (corrente cont\u00ednua)<\/li>\r\n<li>O inversor converte a corrente cont\u00ednua em corrente alternada para o uso na casa;<\/li>\r\n<li>Toda energia produzida ser\u00e1 medida pelo medidor e convertida em cr\u00e9ditos para desconto em sua conta de energia;<\/li>\r\n<li>Quando a produ\u00e7\u00e3o de energia \u00e9 maior que o consumo do im\u00f3vel, o excedente \u00e9 injetado na rede da concession\u00e1ria e poder\u00e1 ser utilizado como cr\u00e9dito em at\u00e9 60 meses. &lt;\/texto&gt;<\/li>\r\n<\/ol>\r\n\r\n\r\n\r\n<p>&lt;titulo&gt;Qual a diferen\u00e7a do sistema solar on-grid e off-grid?&lt;\/titulo&gt;<\/p>\r\n\r\n\r\n\r\n<p>&nbsp;<\/p>\r\n\r\n\r\n\r\n<p>&lt;texto&gt;O sistema on-grid possui a necessidade da conex\u00e3o com a rede distribuidora de energia local. Toda energia gerada \u00e9 depositada na rede distribuidora, dessa forma, a energia excedente (aquela n\u00e3o utilizada pelo consumidor, que sobrou), \u00e9 transformada em cr\u00e9ditos (v\u00e1lidos por at\u00e9 5 anos). Como esse tipo de sistema n\u00e3o possui nenhum dispositivo pr\u00f3prio de armazenamento, toda energia captada \u00e9 armazenada na rede distribuidora. Como uma explica\u00e7\u00e3o bem pr\u00e1tica, quando a energia abastece completamente a resid\u00eancia, com\u00e9rcio ou ind\u00fastria, o rel\u00f3gio medidor de energia come\u00e7a a girar no sentido contr\u00e1rio. Sendo assim, o consumidor paga somente a diferen\u00e7a entre o que \u00e9 consumido e o que \u00e9 produzido.<\/p>\r\n\r\n\r\n\r\n<p>J\u00e1 o sistema de energia solar off-grid \u00e9 um sistema totalmente aut\u00f4nomo, ou seja, ele n\u00e3o depende da distribuidora de energia para garantir energia el\u00e9trica ao consumidor. \u00c9 sustentado a partir de uma bateria, que \u00e9 o dispositivo de armazenamento de energia solar captada. Tamb\u00e9m conta com um regulador de carga que tem como fun\u00e7\u00e3o proteger as baterias da sobrecarga ou descarregamento repentino. No ponto de vista da usabilidade, o sistema \u00e9 indicado para locais de dif\u00edcil acesso como \u00e1reas rurais ou bairros distantes. Pode ser utilizado para o bombeamento de \u00e1gua, eletrifica\u00e7\u00e3o de cercas e postes de luz. Quanto \u00e0 capacidade energ\u00e9tica, sistemas de pequeno porte podem atingir de 1,5 kilowatt-pico (kWp) a 20 kWp. A energia excedente continua sendo armazenada nas baterias e utilizada quando n\u00e3o h\u00e1 radia\u00e7\u00e3o solar, ou seja, \u00e0 noite. Sendo assim, deve-se ter aten\u00e7\u00e3o \u00e0 capacidade da bateria, que precisa ser suficiente para abastecer o local e ainda armazenar reservas.&lt;\/texto&gt;<\/p>\r\n\r\n\r\n\r\n<p>&lt;titulo&gt;Quais os componentes de um sistema solar fotovoltaico?&lt;\/titulo&gt;<\/p>\r\n\r\n\r\n\r\n<p>&lt;texto&gt;<strong>Painel Fotovoltaico:<\/strong> Instalados nos telhados dos im\u00f3veis e conectados a um inversor solar, o painel \u00e9 o principal componente desse sistema e s\u00e3o formados de c\u00e9lula fotovoltaicas respons\u00e1veis por converter a luz do sol em energia el\u00e9trica.<\/p>\r\n\r\n\r\n\r\n<p><strong>Inversor Solar:<\/strong> O inversor solar \u00e9 como o c\u00e9rebro do sistema por exercer diversas fun\u00e7\u00f5es fundamentais. Ele \u00e9 o respons\u00e1vel por captar a energia gerada pelos pain\u00e9is solares e converter a corrente cont\u00ednua em corrente alternada, que \u00e9 a que ser\u00e1 utilizada no seu dia a dia. Em outras palavras, o inversor \u00e9 a pe\u00e7a chave que transformar\u00e1 a energia solar em energia el\u00e9trica.<\/p>\r\n\r\n\r\n\r\n<p><strong>Estrutura:<\/strong> s\u00e3o a base do sistema de energia solar fotovoltaica e parte fundamental para garantia da efici\u00eancia dos pain\u00e9is e seguran\u00e7a do sistema. S\u00e3o elas as respons\u00e1veis por fixar e sustentar os pain\u00e9is, e permitem instala\u00e7\u00f5es em telhados ou sobre o solo.<\/p>\r\n\r\n\r\n\r\n<p><strong>Medidor Bidirecional:<\/strong> indispens\u00e1vel para o sistema de energia solar. \u00c9 por meio dele que a energia el\u00e9trica consumida \u00e9 registrada ao entrar na sua casa. Conhecido como rel\u00f3gio, o medidor \u00e9 essencial na aferi\u00e7\u00e3o dos cr\u00e9ditos gerados. Ele tamb\u00e9m mede a quantidade de energia injetada na rede el\u00e9trica.<\/p>\r\n\r\n\r\n\r\n<p><strong>Monitoramento: <\/strong>sistema remoto que permite que voc\u00ea acompanhe em tempo real a gera\u00e7\u00e3o de energia fotovoltaica que est\u00e1 sendo obtida em seu im\u00f3vel. Os dados s\u00e3o enviados pela rede wi-fi e podem ser acompanhados pelo seu computador, tablet ou celular.&lt;\/texto&gt;<\/p>\r\n\r\n\r\n\r\n<p>&lt;titulo&gt;Qual o passo a passo para obter o sistema de energia solar fotovoltaica?&lt;\/titulo&gt;<\/p>\r\n\r\n\r\n\r\n<p>&lt;texto&gt;<strong>OR\u00c7AMENTO:<\/strong> inicia com a an\u00e1lise de conta de luz e o consumo mensal do im\u00f3vel. Para calcular com precis\u00e3o quanto ir\u00e1 custar esse sistema, voc\u00ea deve fazer uma m\u00e9dia de kWh consumidos nos \u00faltimos 12 meses.<\/p>\r\n\r\n\r\n\r\n<p><strong>VISITA T\u00c9CNICA:<\/strong> Os sistemas s\u00e3o projetados de forma exclusiva para cada cliente, por isso, \u00e9 importante fazer uma visita t\u00e9cnica e garantir o melhor projeto, dentro das normas exigidas e com maior efici\u00eancia.<\/p>\r\n\r\n\r\n\r\n<p><strong>ASSINATURA DO CONTRATO:<\/strong> Ap\u00f3s fechar a proposta final, \u00e9 hora da assinatura do contrato para que ambas as partes saibam suas obriga\u00e7\u00f5es e responsabilidades.<\/p>\r\n\r\n\r\n\r\n<p><strong>SUPORTE COM FINANCIAMENTO:<\/strong> A Alba Energia conta com parceiros de confian\u00e7a para oferecer as melhores linhas de cr\u00e9dito para o seu tipo de projeto.<\/p>\r\n\r\n\r\n\r\n<p><strong>APROVA\u00c7\u00c3O DO PROJETO E AN\u00c1LISE DE REDE:<\/strong> acompanhamento de todo o processo de aprova\u00e7\u00e3o do projeto el\u00e9trico e an\u00e1lise de rede junto \u00e0 concession\u00e1ria local.<\/p>\r\n\r\n\r\n\r\n<p><strong>INSTALA\u00c7\u00c3O:<\/strong> Contamos com uma equipe de engenheiros e instaladores que garantem seguran\u00e7a e qualidade na instala\u00e7\u00e3o do sistema fotovoltaico.<\/p>\r\n\r\n\r\n\r\n<p><strong>ACOMPANHAMENTO:<\/strong> acompanhar o desempenho do seu projeto e sempre colocar \u00e0 disposi\u00e7\u00e3o um suporte t\u00e9cnico e manuten\u00e7\u00e3o de qualidade, caso seja necess\u00e1rio algum reparo.&lt;\/texto&gt;<\/p>\r\n\r\n\r\n\r\n<p>&nbsp;<\/p>\r\n","protected":false},"excerpt":{"rendered":"<p>&lt;titulo&gt;Como funciona a energia solar fotovoltaica?&lt;\/titulo&gt; &lt;texto&gt;Conhe\u00e7a o funcionamento do sistema fotovoltaico resumido em 4 etapas: Os pain\u00e9is solares convertem a energia solar em energia el\u00e9trica (corrente cont\u00ednua) O inversor converte a corrente cont\u00ednua em corrente alternada para o uso na casa; Toda energia produzida ser\u00e1 medida pelo medidor e convertida em cr\u00e9ditos para desconto [&hellip;]<\/p>\n","protected":false},"author":7,"featured_media":0,"parent":0,"menu_order":0,"comment_status":"closed","ping_status":"closed","template":"faq.php","meta":{"footnotes":""},"irradiacao":[],"yoast_head":"<!-- This site is optimized with the Yoast SEO plugin v23.5 - https:\/\/yoast.com\/wordpress\/plugins\/seo\/ -->\n<title>Faq - ALBA<\/title>\n<meta name=\"description\" content=\"Veja quais s\u00e3o as d\u00favidas mais frequentes sobre a energia solar e entenda mais sobre o setor.\" \/>\n<meta name=\"robots\" content=\"noindex, follow, max-snippet:-1, max-image-preview:large, max-video-preview:-1\" \/>\n<meta property=\"og:locale\" content=\"pt_BR\" \/>\n<meta property=\"og:type\" content=\"article\" \/>\n<meta property=\"og:title\" content=\"Faq - ALBA\" \/>\n<meta property=\"og:description\" content=\"Veja quais s\u00e3o as d\u00favidas mais frequentes sobre a energia solar e entenda mais sobre o setor.\" \/>\n<meta property=\"og:url\" content=\"https:\/\/albaenergia.com.br\/albaenergia\/faq\/\" \/>\n<meta property=\"og:site_name\" content=\"ALBA\" \/>\n<meta property=\"article:publisher\" content=\"https:\/\/www.facebook.com\/albaenergia\/\" \/>\n<meta property=\"article:modified_time\" content=\"2021-11-29T13:46:19+00:00\" \/>\n<meta name=\"twitter:card\" content=\"summary_large_image\" \/>\n<meta name=\"twitter:label1\" content=\"Est. tempo de leitura\" \/>\n\t<meta name=\"twitter:data1\" content=\"5 minutos\" \/>\n<script type=\"application\/ld+json\" class=\"yoast-schema-graph\">{\"@context\":\"https:\/\/schema.org\",\"@graph\":[{\"@type\":\"WebPage\",\"@id\":\"https:\/\/albaenergia.com.br\/albaenergia\/faq\/\",\"url\":\"https:\/\/albaenergia.com.br\/albaenergia\/faq\/\",\"name\":\"Faq - ALBA\",\"isPartOf\":{\"@id\":\"https:\/\/albaenergia.com.br\/albaenergia\/#website\"},\"datePublished\":\"2020-07-06T20:58:30+00:00\",\"dateModified\":\"2021-11-29T13:46:19+00:00\",\"description\":\"Veja quais s\u00e3o as d\u00favidas mais frequentes sobre a energia solar e entenda mais sobre o setor.\",\"breadcrumb\":{\"@id\":\"https:\/\/albaenergia.com.br\/albaenergia\/faq\/#breadcrumb\"},\"inLanguage\":\"pt-BR\",\"potentialAction\":[{\"@type\":\"ReadAction\",\"target\":[\"https:\/\/albaenergia.com.br\/albaenergia\/faq\/\"]}]},{\"@type\":\"BreadcrumbList\",\"@id\":\"https:\/\/albaenergia.com.br\/albaenergia\/faq\/#breadcrumb\",\"itemListElement\":[{\"@type\":\"ListItem\",\"position\":1,\"name\":\"In\u00edcio\",\"item\":\"https:\/\/albaenergia.com.br\/albaenergia\/\"},{\"@type\":\"ListItem\",\"position\":2,\"name\":\"Faq\"}]},{\"@type\":\"WebSite\",\"@id\":\"https:\/\/albaenergia.com.br\/albaenergia\/#website\",\"url\":\"https:\/\/albaenergia.com.br\/albaenergia\/\",\"name\":\"Alba Energia\",\"description\":\"ALBA\",\"publisher\":{\"@id\":\"https:\/\/albaenergia.com.br\/albaenergia\/#organization\"},\"potentialAction\":[{\"@type\":\"SearchAction\",\"target\":{\"@type\":\"EntryPoint\",\"urlTemplate\":\"https:\/\/albaenergia.com.br\/albaenergia\/?s={search_term_string}\"},\"query-input\":{\"@type\":\"PropertyValueSpecification\",\"valueRequired\":true,\"valueName\":\"search_term_string\"}}],\"inLanguage\":\"pt-BR\"},{\"@type\":\"Organization\",\"@id\":\"https:\/\/albaenergia.com.br\/albaenergia\/#organization\",\"name\":\"Alba Energia\",\"url\":\"https:\/\/albaenergia.com.br\/albaenergia\/\",\"logo\":{\"@type\":\"ImageObject\",\"inLanguage\":\"pt-BR\",\"@id\":\"https:\/\/albaenergia.com.br\/albaenergia\/#\/schema\/logo\/image\/\",\"url\":\"https:\/\/albaenergia.com.br\/albaenergia\/wp-content\/uploads\/2020\/03\/AF_Alba_Logo_PreferencialHorizontal_RGB_Positivo.png\",\"contentUrl\":\"https:\/\/albaenergia.com.br\/albaenergia\/wp-content\/uploads\/2020\/03\/AF_Alba_Logo_PreferencialHorizontal_RGB_Positivo.png\",\"width\":4167,\"height\":2084,\"caption\":\"Alba Energia\"},\"image\":{\"@id\":\"https:\/\/albaenergia.com.br\/albaenergia\/#\/schema\/logo\/image\/\"},\"sameAs\":[\"https:\/\/www.facebook.com\/albaenergia\/\",\"https:\/\/www.instagram.com\/albaenergia\/\",\"https:\/\/www.linkedin.com\/company\/albaenergia\/\"]}]}<\/script>\n<!-- \/ Yoast SEO plugin. -->","yoast_head_json":{"title":"Faq - ALBA","description":"Veja quais s\u00e3o as d\u00favidas mais frequentes sobre a energia solar e entenda mais sobre o setor.","robots":{"index":"noindex","follow":"follow","max-snippet":"max-snippet:-1","max-image-preview":"max-image-preview:large","max-video-preview":"max-video-preview:-1"},"og_locale":"pt_BR","og_type":"article","og_title":"Faq - ALBA","og_description":"Veja quais s\u00e3o as d\u00favidas mais frequentes sobre a energia solar e entenda mais sobre o setor.","og_url":"https:\/\/albaenergia.com.br\/albaenergia\/faq\/","og_site_name":"ALBA","article_publisher":"https:\/\/www.facebook.com\/albaenergia\/","article_modified_time":"2021-11-29T13:46:19+00:00","twitter_card":"summary_large_image","twitter_misc":{"Est. tempo de leitura":"5 minutos"},"schema":{"@context":"https:\/\/schema.org","@graph":[{"@type":"WebPage","@id":"https:\/\/albaenergia.com.br\/albaenergia\/faq\/","url":"https:\/\/albaenergia.com.br\/albaenergia\/faq\/","name":"Faq - ALBA","isPartOf":{"@id":"https:\/\/albaenergia.com.br\/albaenergia\/#website"},"datePublished":"2020-07-06T20:58:30+00:00","dateModified":"2021-11-29T13:46:19+00:00","description":"Veja quais s\u00e3o as d\u00favidas mais frequentes sobre a energia solar e entenda mais sobre o setor.","breadcrumb":{"@id":"https:\/\/albaenergia.com.br\/albaenergia\/faq\/#breadcrumb"},"inLanguage":"pt-BR","potentialAction":[{"@type":"ReadAction","target":["https:\/\/albaenergia.com.br\/albaenergia\/faq\/"]}]},{"@type":"BreadcrumbList","@id":"https:\/\/albaenergia.com.br\/albaenergia\/faq\/#breadcrumb","itemListElement":[{"@type":"ListItem","position":1,"name":"In\u00edcio","item":"https:\/\/albaenergia.com.br\/albaenergia\/"},{"@type":"ListItem","position":2,"name":"Faq"}]},{"@type":"WebSite","@id":"https:\/\/albaenergia.com.br\/albaenergia\/#website","url":"https:\/\/albaenergia.com.br\/albaenergia\/","name":"Alba Energia","description":"ALBA","publisher":{"@id":"https:\/\/albaenergia.com.br\/albaenergia\/#organization"},"potentialAction":[{"@type":"SearchAction","target":{"@type":"EntryPoint","urlTemplate":"https:\/\/albaenergia.com.br\/albaenergia\/?s={search_term_string}"},"query-input":{"@type":"PropertyValueSpecification","valueRequired":true,"valueName":"search_term_string"}}],"inLanguage":"pt-BR"},{"@type":"Organization","@id":"https:\/\/albaenergia.com.br\/albaenergia\/#organization","name":"Alba Energia","url":"https:\/\/albaenergia.com.br\/albaenergia\/","logo":{"@type":"ImageObject","inLanguage":"pt-BR","@id":"https:\/\/albaenergia.com.br\/albaenergia\/#\/schema\/logo\/image\/","url":"https:\/\/albaenergia.com.br\/albaenergia\/wp-content\/uploads\/2020\/03\/AF_Alba_Logo_PreferencialHorizontal_RGB_Positivo.png","contentUrl":"https:\/\/albaenergia.com.br\/albaenergia\/wp-content\/uploads\/2020\/03\/AF_Alba_Logo_PreferencialHorizontal_RGB_Positivo.png","width":4167,"height":2084,"caption":"Alba Energia"},"image":{"@id":"https:\/\/albaenergia.com.br\/albaenergia\/#\/schema\/logo\/image\/"},"sameAs":["https:\/\/www.facebook.com\/albaenergia\/","https:\/\/www.instagram.com\/albaenergia\/","https:\/\/www.linkedin.com\/company\/albaenergia\/"]}]}},"_links":{"self":[{"href":"https:\/\/albaenergia.com.br\/albaenergia\/wp-json\/wp\/v2\/pages\/17715"}],"collection":[{"href":"https:\/\/albaenergia.com.br\/albaenergia\/wp-json\/wp\/v2\/pages"}],"about":[{"href":"https:\/\/albaenergia.com.br\/albaenergia\/wp-json\/wp\/v2\/types\/page"}],"author":[{"embeddable":true,"href":"https:\/\/albaenergia.com.br\/albaenergia\/wp-json\/wp\/v2\/users\/7"}],"replies":[{"embeddable":true,"href":"https:\/\/albaenergia.com.br\/albaenergia\/wp-json\/wp\/v2\/comments?post=17715"}],"version-history":[{"count":13,"href":"https:\/\/albaenergia.com.br\/albaenergia\/wp-json\/wp\/v2\/pages\/17715\/revisions"}],"predecessor-version":[{"id":19272,"href":"https:\/\/albaenergia.com.br\/albaenergia\/wp-json\/wp\/v2\/pages\/17715\/revisions\/19272"}],"wp:attachment":[{"href":"https:\/\/albaenergia.com.br\/albaenergia\/wp-json\/wp\/v2\/media?parent=17715"}],"wp:term":[{"taxonomy":"irradiacao","embeddable":true,"href":"https:\/\/albaenergia.com.br\/albaenergia\/wp-json\/wp\/v2\/irradiacao?post=17715"}],"curies":[{"name":"wp","href":"https:\/\/api.w.org\/{rel}","templated":true}]}}